{"id":56861,"date":"2019-06-11T22:33:09","date_gmt":"2019-06-11T20:33:09","guid":{"rendered":"https:\/\/gradteatar.me\/event-directory\/"},"modified":"2023-02-26T13:39:33","modified_gmt":"2023-02-26T12:39:33","slug":"event-directory","status":"publish","type":"page","link":"https:\/\/gradteatar.me\/en\/event-directory\/","title":{"rendered":"Events"},"content":{"rendered":"<div id='evcal_calendar_456' class='ajde_evcal_calendar ' ><div class='evo-data' data-cyear=\"2026\" data-cmonth=\"4\" data-runajax=\"1\" data-evc_open=\"0\" data-cal_ver=\"2.7.1\" data-mapscroll=\"true\" data-mapformat=\"roadmap\" data-mapzoom=\"18\" data-mapiconurl=\"\" data-ev_cnt=\"0\" data-show_limit=\"no\" data-tiles=\"no\" data-sort_by=\"sort_date\" data-filters_on=\"false\" data-range_start=\"0\" data-range_end=\"0\" data-send_unix=\"0\" data-ux_val=\"0\" data-accord=\"0\" data-rtl=\"no\"  ><\/div><div id='evcal_head' class='calendar_header ' ><div class='evo_cal_above'><span class='evo-gototoday-btn' style='display:none' data-mo='4' data-yr='2026' data-dy=''>Trenutni mjesec<\/span><span class='evo-filter-btn'><\/span><span class='evo-sort-btn'><\/span><\/div><div class='evo_cal_above_content'><\/div><p id='evcal_cur' class='evo_month_title'> April, 2026<\/p><p class='evo_arrows'><span id='evcal_prev' class='evcal_arrows evcal_btn_prev' ><i class='fa fa-angle-left'><\/i><\/span><span id='evcal_next' class='evcal_arrows evcal_btn_next' ><i class='fa fa-angle-right'><\/i><\/span><\/p><div class='cal_arguments' style='display:none' data-hide_past=\"no\" data-show_et_ft_img=\"no\" data-event_order=\"ASC\" data-ft_event_priority=\"no\" data-lang=\"L1\" data-month_incre=\"0\" data-only_ft=\"no\" data-hide_ft=\"no\" data-evc_open=\"no\" data-show_limit=\"no\" data-etc_override=\"no\" data-show_limit_redir=\"0\" data-tiles=\"no\" data-tile_height=\"0\" data-tile_bg=\"0\" data-tile_count=\"2\" data-tile_style=\"0\" data-s=\"\" data-members_only=\"no\" data-ux_val=\"0\" data-show_limit_ajax=\"no\" data-show_limit_paged=\"1\" data-hide_mult_occur=\"no\" data-show_repeats=\"no\" data-hide_end_time=\"no\" data-eventtop_style=\"0\" ><\/div><div class='clear'><\/div><\/div><div class='eventon_sorting_section' style='display:none'><div class='eventon_filter_line '><div class='eventon_filter' data-filter_field='event_type' data-filter_val='all' data-filter_type='tax' data-fl_o='IN'><\/div><div class='eventon_filter' data-filter_field='event_type_2' data-filter_val='all' data-filter_type='tax' data-fl_o='IN'><\/div><div class='eventon_filter' data-filter_field='event_type_3' data-filter_val='all' data-filter_type='tax' data-fl_o='IN'><\/div><div class='eventon_filter' data-filter_field='event_type_4' data-filter_val='all' data-filter_type='tax' data-fl_o='IN'><\/div><div class='eventon_filter' data-filter_field='event_type_5' data-filter_val='all' data-filter_type='tax' data-fl_o='IN'><\/div><div class='eventon_filter' data-filter_field='event_location' data-filter_val='all' data-filter_type='tax' data-fl_o='IN'><\/div><div class='eventon_filter' data-filter_field='event_organizer' data-filter_val='all' data-filter_type='tax' data-fl_o='IN'><\/div><div class='eventon_filter' data-filter_field='event_tag' data-filter_val='all' data-filter_type='tax' data-fl_o='IN'><\/div><\/div><div class='clear'><\/div><\/div><div id='eventon_loadbar_section'><div id='eventon_loadbar'><\/div><\/div><div id='evcal_list' class='eventon_events_list'><div class='eventon_list_event'><p class='no_events' >nema de\u0161avanja<\/p><\/div>\t\t\t<div class='clear'><\/div>\r\n\t\t\t<\/div><!-- #evcal_list-->\r\n\t\t\t<div class='clear'><\/div>\r\n\r\n\t\t\t\t\r\n\t\t\t\r\n\t\t\t\t\t\t<\/div><!-- .ajde_evcal_calendar-->\r\n\r\n\t\t\t\n","protected":false},"excerpt":{"rendered":"<p>Theatre City Budva Promenade-style performance Unreal City Director\/Text Author: Vuk R\u0161umovi\u0107 Assistant Director: Ana Tomovi\u0107 Visual Design: Andreja Hamovi\u0107 Sound Design: Jakov Muni\u017eaba Narrator: Marija Lije\u0161evi\u0107 Participants: Ana Pavlovi\u0107 and Sun\u010dica Babi\u0107<\/p>\n","protected":false},"author":1,"featured_media":0,"parent":0,"menu_order":0,"comment_status":"closed","ping_status":"closed","template":"","meta":{"footnotes":""},"class_list":["post-56861","page","type-page","status-publish","hentry","description-off"],"_links":{"self":[{"href":"https:\/\/gradteatar.me\/en\/wp-json\/wp\/v2\/pages\/56861","targetHints":{"allow":["GET"]}}],"collection":[{"href":"https:\/\/gradteatar.me\/en\/wp-json\/wp\/v2\/pages"}],"about":[{"href":"https:\/\/gradteatar.me\/en\/wp-json\/wp\/v2\/types\/page"}],"author":[{"embeddable":true,"href":"https:\/\/gradteatar.me\/en\/wp-json\/wp\/v2\/users\/1"}],"replies":[{"embeddable":true,"href":"https:\/\/gradteatar.me\/en\/wp-json\/wp\/v2\/comments?post=56861"}],"version-history":[{"count":1,"href":"https:\/\/gradteatar.me\/en\/wp-json\/wp\/v2\/pages\/56861\/revisions"}],"predecessor-version":[{"id":66243,"href":"https:\/\/gradteatar.me\/en\/wp-json\/wp\/v2\/pages\/56861\/revisions\/66243"}],"wp:attachment":[{"href":"https:\/\/gradteatar.me\/en\/wp-json\/wp\/v2\/media?parent=56861"}],"curies":[{"name":"wp","href":"https:\/\/api.w.org\/{rel}","templated":true}]}}