{"id":56866,"date":"2019-06-20T17:24:59","date_gmt":"2019-06-20T15:24:59","guid":{"rendered":"https:\/\/gradteatar.me\/muzika\/"},"modified":"2026-04-06T09:01:00","modified_gmt":"2026-04-06T07:01:00","slug":"music","status":"publish","type":"page","link":"https:\/\/gradteatar.me\/en\/music\/","title":{"rendered":"Music"},"content":{"rendered":"<div id='evcal_calendar_624' class='ajde_evcal_calendar  evoFC' ><div class='evo-data' data-cyear=\"2026\" data-cmonth=\"4\" data-runajax=\"1\" data-evc_open=\"0\" data-cal_ver=\"2.7.1\" data-mapscroll=\"true\" data-mapformat=\"roadmap\" data-mapzoom=\"18\" data-mapiconurl=\"\" data-ev_cnt=\"0\" data-show_limit=\"no\" data-tiles=\"no\" data-sort_by=\"sort_date\" data-filters_on=\"true\" data-range_start=\"0\" data-range_end=\"0\" data-send_unix=\"0\" data-ux_val=\"0\" data-accord=\"0\" data-rtl=\"no\" data-grid_ux=\"0\"  ><\/div><div id='evcal_head' class='calendar_header ' ><div class='evo_cal_above'><span class='evo-jumper-btn'>Jump Months<\/span><span class='evo-gototoday-btn' style='display:none' data-mo='4' data-yr='2026' data-dy=''>Current Month<\/span><span class='evo-filter-btn'><\/span><span class='evo-sort-btn'><\/span><\/div><div class='evo_cal_above_content'><div class='evo_j_container' style='display:none' data-m='4' data-y='2026' data-expj='no'>\r\n\t\t\t\t\t\t<div class='evo_j_months evo_j_dates' data-val='m'>\r\n\t\t\t\t\t\t\t<div class='legend evo_jumper_months'><a data-val='1'  title='january' >january<\/a><a data-val='2'  title='february' >february<\/a><a data-val='3'  title='march' >march<\/a><a data-val='4' class=\"current set\" title='april' >april<\/a><a data-val='5'  title='may' >may<\/a><a data-val='6'  title='june' >june<\/a><a data-val='7'  title='july' >july<\/a><a data-val='8'  title='august' >august<\/a><a data-val='9'  title='september' >september<\/a><a data-val='10'  title='october' >october<\/a><a data-val='11'  title='november' >november<\/a><a data-val='12'  title='december' >december<\/a><\/div><div class='clear'><\/div><\/div>\r\n\t\t\t\t\t\t\r\n\t\t\t\t\t\t<div class='evo_j_years evo_j_dates' data-val='y'>\r\n\t\t\t\t\t\t\t<p class='legend'><a data-val=\"2024\">2024<\/a><a data-val=\"2025\">2025<\/a><a class='current set' data-val=\"2026\">2026<\/a><a data-val=\"2027\">2027<\/a><a data-val=\"2028\">2028<\/a><\/p><div class='clear'><\/div>\r\n\t\t\t\t\t\t<\/div>\r\n\t\t\t\t\t<\/div><\/div><p id='evcal_cur' class='evo_month_title'> april, 2026<\/p><p class='evo_arrows'><span id='evcal_prev' class='evcal_arrows evcal_btn_prev' ><i class='fa fa-angle-left'><\/i><\/span><span id='evcal_next' class='evcal_arrows evcal_btn_next' ><i class='fa fa-angle-right'><\/i><\/span><\/p><input type='hidden' class='eventon_other_vals evoFC_val' name='fc_focus_day' value='17'\/><div class='cal_arguments' style='display:none' data-hide_past=\"no\" data-show_et_ft_img=\"no\" data-event_order=\"ASC\" data-ft_event_priority=\"no\" data-lang=\"L2\" data-month_incre=\"0\" data-only_ft=\"no\" data-hide_ft=\"no\" data-evc_open=\"no\" data-show_limit=\"no\" data-etc_override=\"no\" data-show_limit_redir=\"0\" data-tiles=\"no\" data-tile_height=\"0\" data-tile_bg=\"0\" data-tile_count=\"2\" data-tile_style=\"0\" data-s=\"\" data-members_only=\"no\" data-ux_val=\"0\" data-show_limit_ajax=\"no\" data-show_limit_paged=\"1\" data-hide_mult_occur=\"no\" data-show_repeats=\"no\" data-hide_end_time=\"no\" data-eventtop_style=\"0\" data-load_fullmonth=\"no\" ><\/div><div class='clear'><\/div><\/div><div class='eventon_sorting_section' style='display:none'><div class='eventon_filter_line '><div class='eventon_filter' data-filter_field='event_type' data-filter_val='187' data-filter_type='tax' data-fl_o='IN'><\/div><div class='eventon_filter' data-filter_field='event_type_2' data-filter_val='all' data-filter_type='tax' data-fl_o='IN'><\/div><div class='eventon_filter' data-filter_field='event_type_3' data-filter_val='all' data-filter_type='tax' data-fl_o='IN'><\/div><div class='eventon_filter' data-filter_field='event_type_4' data-filter_val='all' data-filter_type='tax' data-fl_o='IN'><\/div><div class='eventon_filter' data-filter_field='event_type_5' data-filter_val='all' data-filter_type='tax' data-fl_o='IN'><\/div><div class='eventon_filter' data-filter_field='event_location' data-filter_val='all' data-filter_type='tax' data-fl_o='IN'><\/div><div class='eventon_filter' data-filter_field='event_organizer' data-filter_val='all' data-filter_type='tax' data-fl_o='IN'><\/div><div class='eventon_filter' data-filter_field='event_tag' data-filter_val='all' data-filter_type='tax' data-fl_o='IN'><\/div><\/div><div class='clear'><\/div><\/div><div id='eventon_loadbar_section'><div id='eventon_loadbar'><\/div><\/div>\r\n\t\t\t<div class='eventon_fullcal' cal_id='1' data-hover='number'>\r\n\t\t\t\t\r\n\t\t\t\t<div class='evoFC_tip' style='display:none'><\/div>\r\n\t\t\t\t<div class='evofc_title_tip' style='display:none' data-txt='MORE'>\r\n\t\t\t\t\t<span class='evofc_ttle_cnt'>3<\/span>\r\n\t\t\t\t\t<ul class='evofc_ttle_events'>\r\n\t\t\t\t\t\t<li style='border-left-color:#FBAD61'>Event Name<\/li>\r\n\t\t\t\t\t<\/ul>\r\n\t\t\t\t<\/div>\r\n\t\t\t\t<div class='evofc_months_strip ' data-multiplier='0' data-color='206177' data-heat='no'><div class='evofc_month focus' month='4'>\r\n\t\t\t\t<div class='eventon_fc_daynames'><p class='evo_fc_day' data-dow='1'>mon<\/p><p class='evo_fc_day' data-dow='2'>tue<\/p><p class='evo_fc_day' data-dow='3'>wed<\/p><p class='evo_fc_day' data-dow='4'>thu<\/p><p class='evo_fc_day' data-dow='5'>fri<\/p><p class='evo_fc_day' data-dow='6'>sat<\/p><p class='evo_fc_day' data-dow='7'>sun<\/p><div class='clear'><\/div>\r\n\t\t\t<\/div>\r\n\t\t\t<div class='eventon_fc_days'><p class='evo_fc_day evo_fc_empty' data-cnt='1'>-<\/p><p class='evo_fc_day evo_fc_empty' data-cnt='2'>-<\/p><p class='evo_fc_day' data-dow='3'data-day='1'data-cnt='3'data-ed=''data-color=''data-events=''>1<\/p><p class='evo_fc_day' data-dow='4'data-day='2'data-cnt='4'data-ed=''data-color=''data-events=''>2<\/p><p class='evo_fc_day' data-dow='5'data-day='3'data-cnt='5'data-ed=''data-color=''data-events=''>3<\/p><p class='evo_fc_day' data-dow='6'data-day='4'data-cnt='6'data-ed=''data-color=''data-events=''>4<\/p><p class='evo_fc_day' data-dow='7'data-day='5'data-cnt='7'data-ed=''data-color=''data-events=''>5<\/p><p class='evo_fc_day' data-dow='1'data-day='6'data-cnt='8'data-ed=''data-color=''data-events=''>6<\/p><p class='evo_fc_day' data-dow='2'data-day='7'data-cnt='9'data-ed=''data-color=''data-events=''>7<\/p><p class='evo_fc_day' data-dow='3'data-day='8'data-cnt='10'data-ed=''data-color=''data-events=''>8<\/p><p class='evo_fc_day' data-dow='4'data-day='9'data-cnt='11'data-ed=''data-color=''data-events=''>9<\/p><p class='evo_fc_day' data-dow='5'data-day='10'data-cnt='12'data-ed=''data-color=''data-events=''>10<\/p><p class='evo_fc_day' data-dow='6'data-day='11'data-cnt='13'data-ed=''data-color=''data-events=''>11<\/p><p class='evo_fc_day' data-dow='7'data-day='12'data-cnt='14'data-ed=''data-color=''data-events=''>12<\/p><p class='evo_fc_day' data-dow='1'data-day='13'data-cnt='15'data-ed=''data-color=''data-events=''>13<\/p><p class='evo_fc_day' data-dow='2'data-day='14'data-cnt='16'data-ed=''data-color=''data-events=''>14<\/p><p class='evo_fc_day' data-dow='3'data-day='15'data-cnt='17'data-ed=''data-color=''data-events=''>15<\/p><p class='evo_fc_day' data-dow='4'data-day='16'data-cnt='18'data-ed=''data-color=''data-events=''>16<\/p><p class='evo_fc_day on_focus today' data-dow='5'data-day='17'data-cnt='19'data-ed=''data-color=''data-events=''>17<\/p><p class='evo_fc_day' data-dow='6'data-day='18'data-cnt='20'data-ed=''data-color=''data-events=''>18<\/p><p class='evo_fc_day' data-dow='7'data-day='19'data-cnt='21'data-ed=''data-color=''data-events=''>19<\/p><p class='evo_fc_day' data-dow='1'data-day='20'data-cnt='22'data-ed=''data-color=''data-events=''>20<\/p><p class='evo_fc_day' data-dow='2'data-day='21'data-cnt='23'data-ed=''data-color=''data-events=''>21<\/p><p class='evo_fc_day' data-dow='3'data-day='22'data-cnt='24'data-ed=''data-color=''data-events=''>22<\/p><p class='evo_fc_day' data-dow='4'data-day='23'data-cnt='25'data-ed=''data-color=''data-events=''>23<\/p><p class='evo_fc_day bb' data-dow='5'data-day='24'data-cnt='26'data-ed=''data-color=''data-events=''>24<\/p><p class='evo_fc_day bb' data-dow='6'data-day='25'data-cnt='27'data-ed=''data-color=''data-events=''>25<\/p><p class='evo_fc_day bb' data-dow='7'data-day='26'data-cnt='28'data-ed=''data-color=''data-events=''>26<\/p><p class='evo_fc_day bb' data-dow='1'data-day='27'data-cnt='29'data-ed=''data-color=''data-events=''>27<\/p><p class='evo_fc_day bb' data-dow='2'data-day='28'data-cnt='30'data-ed=''data-color=''data-events=''>28<\/p><p class='evo_fc_day bb' data-dow='3'data-day='29'data-cnt='31'data-ed=''data-color=''data-events=''>29<\/p><p class='evo_fc_day br bb' data-dow='4'data-day='30'data-cnt='32'data-ed=''data-color=''data-events=''>30<\/p><div class='clear'><\/div><\/div><\/div>\r\n\t\t\t\t<\/div><div class='clear'><\/div>\r\n\t\t\t<\/div><div id='evcal_list' class='eventon_events_list'><div class='eventon_list_event'><p class='no_events' >No Events<\/p><\/div>\t\t\t<div class='clear'><\/div>\r\n\t\t\t<\/div><!-- #evcal_list-->\r\n\t\t\t<div class='clear'><\/div>\r\n\r\n\t\t\t\t\r\n\t\t\t\r\n\t\t\t\t\t\t<\/div><!-- .ajde_evcal_calendar-->\r\n\r\n\t\t\t\n","protected":false},"excerpt":{"rendered":"<p>Milica Radovi\u0107, solo singing Matija Mol\u010danov, piano Jelena Divanovi\u0107, piano &nbsp;<\/p>\n","protected":false},"author":1,"featured_media":0,"parent":0,"menu_order":0,"comment_status":"closed","ping_status":"closed","template":"","meta":{"footnotes":""},"class_list":["post-56866","page","type-page","status-publish","hentry","description-off"],"_links":{"self":[{"href":"https:\/\/gradteatar.me\/en\/wp-json\/wp\/v2\/pages\/56866","targetHints":{"allow":["GET"]}}],"collection":[{"href":"https:\/\/gradteatar.me\/en\/wp-json\/wp\/v2\/pages"}],"about":[{"href":"https:\/\/gradteatar.me\/en\/wp-json\/wp\/v2\/types\/page"}],"author":[{"embeddable":true,"href":"https:\/\/gradteatar.me\/en\/wp-json\/wp\/v2\/users\/1"}],"replies":[{"embeddable":true,"href":"https:\/\/gradteatar.me\/en\/wp-json\/wp\/v2\/comments?post=56866"}],"version-history":[{"count":2,"href":"https:\/\/gradteatar.me\/en\/wp-json\/wp\/v2\/pages\/56866\/revisions"}],"predecessor-version":[{"id":57117,"href":"https:\/\/gradteatar.me\/en\/wp-json\/wp\/v2\/pages\/56866\/revisions\/57117"}],"wp:attachment":[{"href":"https:\/\/gradteatar.me\/en\/wp-json\/wp\/v2\/media?parent=56866"}],"curies":[{"name":"wp","href":"https:\/\/api.w.org\/{rel}","templated":true}]}}